{"id":4699,"date":"2025-05-08T15:38:09","date_gmt":"2025-05-08T15:38:09","guid":{"rendered":"https:\/\/loja.adv.br\/?post_type=product&#038;p=4699"},"modified":"2025-05-08T16:05:50","modified_gmt":"2025-05-08T16:05:50","slug":"site-profissional-de-autoridade-juridica","status":"publish","type":"product","link":"https:\/\/loja.adv.br\/index.php\/produto\/site-profissional-de-autoridade-juridica\/","title":{"rendered":"Site Profissional de Autoridade Jur\u00eddica"},"content":{"rendered":"<p data-start=\"787\" data-end=\"974\"><strong data-start=\"787\" data-end=\"879\">Voc\u00ea sabia que a maioria dos clientes pesquisa no Google antes de contratar um advogado?<\/strong><br data-start=\"879\" data-end=\"882\" \/>Mas, e se ele encontra o seu concorrente com um site impec\u00e1vel \u2014 e voc\u00ea sem presen\u00e7a online?<\/p>\n<p data-start=\"976\" data-end=\"1250\">Com nosso <strong data-start=\"986\" data-end=\"1030\">Site Profissional de Autoridade Jur\u00eddica<\/strong>, voc\u00ea transmite credibilidade em segundos, ganha destaque nos mecanismos de busca com SEO otimizado para o Direito, e ainda conta com um <strong data-start=\"1168\" data-end=\"1195\">blog jur\u00eddico integrado<\/strong> para gerar autoridade e atrair clientes organicamente.<\/p>\n<p data-start=\"1252\" data-end=\"1398\">Tudo isso com <strong data-start=\"1266\" data-end=\"1290\">design personalizado<\/strong>, alinhado \u00e0 sua \u00e1rea de atua\u00e7\u00e3o e com uma est\u00e9tica que transmite <strong data-start=\"1356\" data-end=\"1398\">sucesso, seguran\u00e7a e profissionalismo.<\/strong><\/p>\n<p data-start=\"1400\" data-end=\"1503\"><strong data-start=\"1400\" data-end=\"1503\">Acabe com o medo de parecer amador.<br data-start=\"1437\" data-end=\"1440\" \/>Seja o nome que os clientes lembram quando pensam em Justi\u00e7a.<\/strong><\/p>\n<h4 data-start=\"1505\" data-end=\"1531\">\u2705 O que est\u00e1 incluso:<\/h4>\n<ul data-start=\"1532\" data-end=\"1930\">\n<li data-start=\"1532\" data-end=\"1581\">\n<p data-start=\"1534\" data-end=\"1581\">Design exclusivo com identidade visual da banca<\/p>\n<\/li>\n<li data-start=\"1582\" data-end=\"1665\">\n<p data-start=\"1584\" data-end=\"1665\">P\u00e1ginas otimizadas com foco em convers\u00e3o (Home, Sobre, \u00c1reas de Atua\u00e7\u00e3o, Contato)<\/p>\n<\/li>\n<li data-start=\"1666\" data-end=\"1705\">\n<p data-start=\"1668\" data-end=\"1705\">Integra\u00e7\u00e3o com WhatsApp e Google Maps<\/p>\n<\/li>\n<li data-start=\"1706\" data-end=\"1767\">\n<p data-start=\"1708\" data-end=\"1767\">Blog jur\u00eddico pronto para uso (com estrutura de categorias)<\/p>\n<\/li>\n<li data-start=\"1768\" data-end=\"1806\">\n<p data-start=\"1770\" data-end=\"1806\">Otimiza\u00e7\u00e3o de SEO t\u00e9cnico e jur\u00eddico<\/p>\n<\/li>\n<li data-start=\"1807\" data-end=\"1842\">\n<p data-start=\"1809\" data-end=\"1842\">Vers\u00e3o mobile r\u00e1pida e responsiva<\/p>\n<\/li>\n<li data-start=\"1843\" data-end=\"1898\">\n<p data-start=\"1845\" data-end=\"1898\">Painel administrativo simples e intuitivo (WordPress)<\/p>\n<\/li>\n<li data-start=\"1899\" data-end=\"1930\">\n<p data-start=\"1901\" data-end=\"1930\">Hospedagem gratuita por 1 m\u00eas<\/p>\n<\/li>\n<\/ul>\n<h4 data-start=\"1505\" data-end=\"1531\">Em caso de d\u00favidas ou desejando adicionar mais itens no seu site, fale <a href=\"https:\/\/wa.me\/5561998829535?text=Vim%20do%20site%20e%20gostaria%20de%20saber%20mais%20sobre\">aqui<\/a> com nossa equipe, estamos prontos para te proporcionar uma experiencia incr\u00edvel!<\/h4>\n<p>&nbsp;<\/p>\n<h2>Garanta seu site e comece a atrair clientes agora! (At\u00e9 12x sem juros!)<\/h2>\n","protected":false},"excerpt":{"rendered":"<p>Tenha um site \u00e0 altura da sua advocacia \u2014 moderno, otimizado para o Google e com blog jur\u00eddico pronto para atrair clientes.<\/p>\n","protected":false},"featured_media":4714,"comment_status":"open","ping_status":"closed","template":"","meta":[],"product_brand":[],"product_cat":[34,32],"product_tag":[38,39,37,36,40,35],"class_list":{"0":"post-4699","1":"product","2":"type-product","3":"status-publish","4":"has-post-thumbnail","6":"product_cat-presenca-digital-e-autoridade-online","7":"product_cat-produto-digital","8":"product_tag-blog-juridico","9":"product_tag-identidade-digital","10":"product_tag-marketing-juridico","11":"product_tag-presenca-digital","12":"product_tag-seo-juridico","13":"product_tag-site-para-advogado","14":"sales-flash-overlay","15":"woocommerce-text-align-center","16":"woocommerce-image-align-center","17":"do-quantity-buttons","18":"wc-has-gallery","20":"first","21":"instock","22":"sale","23":"virtual","24":"taxable","25":"purchasable","26":"product-type-simple"},"_links":{"self":[{"href":"https:\/\/loja.adv.br\/index.php\/wp-json\/wp\/v2\/product\/4699","targetHints":{"allow":["GET"]}}],"collection":[{"href":"https:\/\/loja.adv.br\/index.php\/wp-json\/wp\/v2\/product"}],"about":[{"href":"https:\/\/loja.adv.br\/index.php\/wp-json\/wp\/v2\/types\/product"}],"replies":[{"embeddable":true,"href":"https:\/\/loja.adv.br\/index.php\/wp-json\/wp\/v2\/comments?post=4699"}],"wp:featuredmedia":[{"embeddable":true,"href":"https:\/\/loja.adv.br\/index.php\/wp-json\/wp\/v2\/media\/4714"}],"wp:attachment":[{"href":"https:\/\/loja.adv.br\/index.php\/wp-json\/wp\/v2\/media?parent=4699"}],"wp:term":[{"taxonomy":"product_brand","embeddable":true,"href":"https:\/\/loja.adv.br\/index.php\/wp-json\/wp\/v2\/product_brand?post=4699"},{"taxonomy":"product_cat","embeddable":true,"href":"https:\/\/loja.adv.br\/index.php\/wp-json\/wp\/v2\/product_cat?post=4699"},{"taxonomy":"product_tag","embeddable":true,"href":"https:\/\/loja.adv.br\/index.php\/wp-json\/wp\/v2\/product_tag?post=4699"}],"curies":[{"name":"wp","href":"https:\/\/api.w.org\/{rel}","templated":true}]}}