{"id":4716,"date":"2025-05-08T16:08:09","date_gmt":"2025-05-08T16:08:09","guid":{"rendered":"https:\/\/loja.adv.br\/?post_type=product&#038;p=4716"},"modified":"2025-07-17T05:24:53","modified_gmt":"2025-07-17T05:24:53","slug":"cartao-digital-interativo-com-whatsapp-oab-id","status":"publish","type":"product","link":"https:\/\/loja.adv.br\/index.php\/produto\/cartao-digital-interativo-com-whatsapp-oab-id\/","title":{"rendered":"Cart\u00e3o Digital Interativo com WhatsApp &#8211; OAB ID"},"content":{"rendered":"<p data-start=\"522\" data-end=\"785\"><strong data-start=\"522\" data-end=\"632\">Quantas vezes voc\u00ea perdeu uma oportunidade por n\u00e3o ter um material de apresenta\u00e7\u00e3o \u00e0 altura da sua imagem?<\/strong><\/p>\n<p data-start=\"522\" data-end=\"785\">No mundo jur\u00eddico, a <strong data-start=\"656\" data-end=\"685\">primeira impress\u00e3o \u00e9 tudo<\/strong>. E com o <strong data-start=\"695\" data-end=\"723\">Cart\u00e3o Digital Tec Cards<\/strong>, voc\u00ea entrega presen\u00e7a, eleg\u00e2ncia e facilidade \u2014 em segundos.<\/p>\n<p data-start=\"787\" data-end=\"1039\">Este cart\u00e3o n\u00e3o \u00e9 apenas um contato. Ele \u00e9 um mini-site pessoal, otimizado para <strong data-start=\"867\" data-end=\"890\">encantar e conectar<\/strong>, com acesso direto ao seu <strong data-start=\"917\" data-end=\"929\">WhatsApp<\/strong>, links para redes sociais, localiza\u00e7\u00e3o do escrit\u00f3rio e at\u00e9 bot\u00f5es inteligentes para agendamento de consultas.<\/p>\n<p data-start=\"1041\" data-end=\"1180\">Com visual moderno, responsivo e personaliz\u00e1vel, voc\u00ea estar\u00e1 sempre um passo \u00e0 frente \u2014 em qualquer reuni\u00e3o, evento ou grupo de networking.<\/p>\n<h4 data-start=\"1182\" data-end=\"1208\">\u2705 O que est\u00e1 incluso:<\/h4>\n<ul data-start=\"1209\" data-end=\"1635\">\n<li data-start=\"1209\" data-end=\"1263\">\n<p data-start=\"1211\" data-end=\"1263\">Design personalizado com sua identidade profissional<\/p>\n<\/li>\n<li data-start=\"1264\" data-end=\"1311\">\n<p data-start=\"1266\" data-end=\"1311\">Link direto para WhatsApp com mensagem pronta<\/p>\n<\/li>\n<li data-start=\"1312\" data-end=\"1361\">\n<p data-start=\"1314\" data-end=\"1361\">Bot\u00f5es para redes sociais, e-mail e localiza\u00e7\u00e3o<\/p>\n<\/li>\n<li data-start=\"1362\" data-end=\"1412\">\n<p data-start=\"1364\" data-end=\"1412\">Agendamento de reuni\u00f5es f\u00e1cil<\/p>\n<\/li>\n<li data-start=\"1459\" data-end=\"1517\">\n<p data-start=\"1461\" data-end=\"1517\">Envie seu contato com em poucos cliques<\/p>\n<\/li>\n<li data-start=\"1518\" data-end=\"1575\">\n<p data-start=\"1520\" data-end=\"1575\">P\u00e1gina com depoimentos, \u00e1reas de atua\u00e7\u00e3o e apresenta\u00e7\u00e3o<\/p>\n<\/li>\n<li data-start=\"1576\" data-end=\"1635\">\n<p data-start=\"1578\" data-end=\"1635\">Link curto e f\u00e1cil de lembrar com a sua OAB e Nome<\/p>\n<\/li>\n<li data-start=\"1459\" data-end=\"1517\">\n<p data-start=\"1461\" data-end=\"1517\">Layout Responsivo (funciona em qualquer celular)<\/p>\n<\/li>\n<li data-start=\"1518\" data-end=\"1575\">\n<p data-start=\"1520\" data-end=\"1575\">P\u00e1gina com depoimentos, \u00e1reas de atua\u00e7\u00e3o e apresenta\u00e7\u00e3o<\/p>\n<\/li>\n<li data-start=\"1576\" data-end=\"1635\">\n<p data-start=\"1578\" data-end=\"1635\">QR Code personalizado<\/p>\n<\/li>\n<li data-start=\"1576\" data-end=\"1635\">Seja encontrado no Google<\/li>\n<\/ul>\n<h4 data-start=\"1505\" data-end=\"1531\">Em caso de d\u00favidas ou desejando adicionar mais itens no seu site, fale <a href=\"https:\/\/wa.me\/5561998829535?text=Vim%20do%20site%20e%20gostaria%20de%20saber%20mais%20sobre\">aqui<\/a> com nossa equipe, estamos prontos para te proporcionar uma experiencia incr\u00edvel!<\/h4>\n<p>&nbsp;<\/p>\n<h2>Tenha um cart\u00e3o digital que trabalha por voc\u00ea! (At\u00e9 12x sem juros!)<\/h2>\n","protected":false},"excerpt":{"rendered":"<p>Conecte seu nome \u00e0 inova\u00e7\u00e3o com um cart\u00e3o digital elegante, funcional e que impressiona logo no primeiro clique.<\/p>\n","protected":false},"featured_media":4721,"comment_status":"open","ping_status":"closed","template":"","meta":[],"product_brand":[],"product_cat":[34,32],"product_tag":[38,39,37,36,40,35],"class_list":{"0":"post-4716","1":"product","2":"type-product","3":"status-publish","4":"has-post-thumbnail","6":"product_cat-presenca-digital-e-autoridade-online","7":"product_cat-produto-digital","8":"product_tag-blog-juridico","9":"product_tag-identidade-digital","10":"product_tag-marketing-juridico","11":"product_tag-presenca-digital","12":"product_tag-seo-juridico","13":"product_tag-site-para-advogado","14":"sales-flash-overlay","15":"woocommerce-text-align-center","16":"woocommerce-image-align-center","17":"do-quantity-buttons","18":"wc-has-gallery","20":"first","21":"instock","22":"sale","23":"virtual","24":"taxable","25":"purchasable","26":"product-type-simple"},"_links":{"self":[{"href":"https:\/\/loja.adv.br\/index.php\/wp-json\/wp\/v2\/product\/4716","targetHints":{"allow":["GET"]}}],"collection":[{"href":"https:\/\/loja.adv.br\/index.php\/wp-json\/wp\/v2\/product"}],"about":[{"href":"https:\/\/loja.adv.br\/index.php\/wp-json\/wp\/v2\/types\/product"}],"replies":[{"embeddable":true,"href":"https:\/\/loja.adv.br\/index.php\/wp-json\/wp\/v2\/comments?post=4716"}],"wp:featuredmedia":[{"embeddable":true,"href":"https:\/\/loja.adv.br\/index.php\/wp-json\/wp\/v2\/media\/4721"}],"wp:attachment":[{"href":"https:\/\/loja.adv.br\/index.php\/wp-json\/wp\/v2\/media?parent=4716"}],"wp:term":[{"taxonomy":"product_brand","embeddable":true,"href":"https:\/\/loja.adv.br\/index.php\/wp-json\/wp\/v2\/product_brand?post=4716"},{"taxonomy":"product_cat","embeddable":true,"href":"https:\/\/loja.adv.br\/index.php\/wp-json\/wp\/v2\/product_cat?post=4716"},{"taxonomy":"product_tag","embeddable":true,"href":"https:\/\/loja.adv.br\/index.php\/wp-json\/wp\/v2\/product_tag?post=4716"}],"curies":[{"name":"wp","href":"https:\/\/api.w.org\/{rel}","templated":true}]}}