{"id":4742,"date":"2025-05-08T20:06:47","date_gmt":"2025-05-08T20:06:47","guid":{"rendered":"https:\/\/loja.adv.br\/?post_type=product&#038;p=4742"},"modified":"2025-07-17T05:56:48","modified_gmt":"2025-07-17T05:56:48","slug":"landing-page-juridica-de-alta-conversao","status":"publish","type":"product","link":"https:\/\/loja.adv.br\/index.php\/produto\/landing-page-juridica-de-alta-conversao\/","title":{"rendered":"Landing Page Jur\u00eddica de Alta Convers\u00e3o"},"content":{"rendered":"<p data-start=\"566\" data-end=\"740\"><strong data-start=\"566\" data-end=\"652\">Voc\u00ea s\u00f3 tem alguns segundos para convencer um visitante de que \u00e9 o advogado certo.<\/strong><br data-start=\"652\" data-end=\"655\" \/>E \u00e9 exatamente para isso que serve nossa <strong data-start=\"696\" data-end=\"739\">Landing Page Jur\u00eddica de Alta Convers\u00e3o<\/strong>.<\/p>\n<p data-start=\"742\" data-end=\"946\">Constru\u00edda com t\u00e9cnicas modernas de copywriting, design estrat\u00e9gico e um formul\u00e1rio otimizado, ela \u00e9 perfeita para <strong data-start=\"857\" data-end=\"945\">campanhas de tr\u00e1fego, Google Ads, redes sociais e divulga\u00e7\u00e3o de servi\u00e7os espec\u00edficos<\/strong>.<\/p>\n<p data-start=\"948\" data-end=\"1249\">Seja para <strong data-start=\"958\" data-end=\"1044\">capta\u00e7\u00e3o de leads em causas espec\u00edficas (trabalhista, previdenci\u00e1ria, c\u00edvel, etc.)<\/strong> ou <strong data-start=\"1048\" data-end=\"1076\">campanhas institucionais<\/strong>, essa landing page transmite confian\u00e7a, profissionalismo e leva o usu\u00e1rio direto \u00e0 a\u00e7\u00e3o com um <strong data-start=\"1172\" data-end=\"1198\">CTA jur\u00eddico eficiente<\/strong> e formul\u00e1rios otimizados para facilitar o contato.<\/p>\n<h4 data-start=\"1251\" data-end=\"1277\">\u2705 O que est\u00e1 incluso:<\/h4>\n<ul data-start=\"1278\" data-end=\"1710\">\n<li data-start=\"1278\" data-end=\"1349\">\n<p data-start=\"1280\" data-end=\"1349\">Design moderno e responsivo, seguindo identidade visual do escrit\u00f3rio<\/p>\n<\/li>\n<li data-start=\"1350\" data-end=\"1397\">\n<p data-start=\"1352\" data-end=\"1397\">Headline persuasiva com foco em dor e solu\u00e7\u00e3o<\/p>\n<\/li>\n<li data-start=\"1398\" data-end=\"1463\">\n<p data-start=\"1400\" data-end=\"1463\">Formul\u00e1rio de contato integrado com envio autom\u00e1tico por e-mail<\/p>\n<\/li>\n<li data-start=\"1464\" data-end=\"1540\">\n<p data-start=\"1466\" data-end=\"1540\">Call to Action personalizado (com bot\u00e3o para WhatsApp, consulta ou e-mail)<\/p>\n<\/li>\n<li data-start=\"1541\" data-end=\"1602\">\n<p data-start=\"1543\" data-end=\"1602\">Texto jur\u00eddico estrat\u00e9gico com abordagem \u00e9tica e respeitosa<\/p>\n<\/li>\n<li data-start=\"1603\" data-end=\"1655\">\n<p data-start=\"1605\" data-end=\"1655\">Otimiza\u00e7\u00e3o para tr\u00e1fego pago e indexa\u00e7\u00e3o no Google<\/p>\n<\/li>\n<li data-start=\"1656\" data-end=\"1710\">\n<p data-start=\"1658\" data-end=\"1710\">P\u00e1gina \u00fanica, leve e r\u00e1pida, perfeita para campanhas<\/p>\n<\/li>\n<\/ul>\n<h4 data-start=\"1505\" data-end=\"1531\">Em caso de d\u00favidas ou desejando adicionar mais itens no seu site, fale <a href=\"https:\/\/wa.me\/5561998829535?text=Vim%20do%20site%20e%20gostaria%20de%20saber%20mais%20sobre\">aqui<\/a> com nossa equipe, estamos prontos para te proporcionar uma experiencia incr\u00edvel!<\/h4>\n<p>&nbsp;<\/p>\n<h2>Conquiste mais clientes com uma p\u00e1gina pensada para converter! (At\u00e9 12x sem juros!)<\/h2>\n","protected":false},"excerpt":{"rendered":"<p>Transforme visitantes em oportunidades com uma landing page criada sob medida para atrair e converter clientes jur\u00eddicos.<\/p>\n","protected":false},"featured_media":4743,"comment_status":"open","ping_status":"closed","template":"","meta":[],"product_brand":[],"product_cat":[34,32],"product_tag":[44,49,48,47,45,43,46],"class_list":{"0":"post-4742","1":"product","2":"type-product","3":"status-publish","4":"has-post-thumbnail","6":"product_cat-presenca-digital-e-autoridade-online","7":"product_cat-produto-digital","8":"product_tag-captacao-de-clientes","9":"product_tag-conversao","10":"product_tag-formulario-juridico","11":"product_tag-google-ads","12":"product_tag-juridico","13":"product_tag-landing-page","14":"product_tag-trafego-pago","15":"sales-flash-overlay","16":"woocommerce-text-align-center","17":"woocommerce-image-align-center","18":"do-quantity-buttons","20":"first","21":"instock","22":"sale","23":"virtual","24":"taxable","25":"purchasable","26":"product-type-simple"},"_links":{"self":[{"href":"https:\/\/loja.adv.br\/index.php\/wp-json\/wp\/v2\/product\/4742","targetHints":{"allow":["GET"]}}],"collection":[{"href":"https:\/\/loja.adv.br\/index.php\/wp-json\/wp\/v2\/product"}],"about":[{"href":"https:\/\/loja.adv.br\/index.php\/wp-json\/wp\/v2\/types\/product"}],"replies":[{"embeddable":true,"href":"https:\/\/loja.adv.br\/index.php\/wp-json\/wp\/v2\/comments?post=4742"}],"wp:featuredmedia":[{"embeddable":true,"href":"https:\/\/loja.adv.br\/index.php\/wp-json\/wp\/v2\/media\/4743"}],"wp:attachment":[{"href":"https:\/\/loja.adv.br\/index.php\/wp-json\/wp\/v2\/media?parent=4742"}],"wp:term":[{"taxonomy":"product_brand","embeddable":true,"href":"https:\/\/loja.adv.br\/index.php\/wp-json\/wp\/v2\/product_brand?post=4742"},{"taxonomy":"product_cat","embeddable":true,"href":"https:\/\/loja.adv.br\/index.php\/wp-json\/wp\/v2\/product_cat?post=4742"},{"taxonomy":"product_tag","embeddable":true,"href":"https:\/\/loja.adv.br\/index.php\/wp-json\/wp\/v2\/product_tag?post=4742"}],"curies":[{"name":"wp","href":"https:\/\/api.w.org\/{rel}","templated":true}]}}