{"id":4744,"date":"2025-05-08T20:23:19","date_gmt":"2025-05-08T20:23:19","guid":{"rendered":"https:\/\/loja.adv.br\/?post_type=product&#038;p=4744"},"modified":"2025-07-17T05:05:24","modified_gmt":"2025-07-17T05:05:24","slug":"blog-juridico-inteligente-com-ia-conteudo-que-trabalha-por-voce","status":"publish","type":"product","link":"https:\/\/loja.adv.br\/index.php\/produto\/blog-juridico-inteligente-com-ia-conteudo-que-trabalha-por-voce\/","title":{"rendered":"Blog Jur\u00eddico Inteligente com IA \u2013 Conte\u00fado que Trabalha por Voc\u00ea"},"content":{"rendered":"<p data-start=\"548\" data-end=\"639\"><strong data-start=\"548\" data-end=\"639\">Seu escrit\u00f3rio precisa ser lembrado. E quem entrega conte\u00fado de valor, vira refer\u00eancia.<\/strong><\/p>\n<p data-start=\"641\" data-end=\"876\">Com o <strong data-start=\"647\" data-end=\"671\">Blog Jur\u00eddico com IA<\/strong>, sua presen\u00e7a digital evolui para outro n\u00edvel. Nossa intelig\u00eancia artificial especializada em Direito gera <strong data-start=\"779\" data-end=\"800\">posts autom\u00e1ticos<\/strong> com conte\u00fado <strong data-start=\"814\" data-end=\"875\">informativo, \u00e9tico, estrat\u00e9gico e otimizado para o Google<\/strong>.<\/p>\n<p data-start=\"878\" data-end=\"1112\">Voc\u00ea escolhe os temas, a frequ\u00eancia e o estilo. N\u00f3s entregamos publica\u00e7\u00f5es com linguagem acess\u00edvel, juridicamente correta e que ajudam seus clientes a entender seus direitos \u2014 enquanto fortalecem sua imagem como autoridade no assunto.<\/p>\n<p data-start=\"1114\" data-end=\"1276\">A solu\u00e7\u00e3o ideal para <strong data-start=\"1135\" data-end=\"1162\">atrair tr\u00e1fego org\u00e2nico<\/strong>, manter seu site sempre atualizado e aumentar sua <strong data-start=\"1213\" data-end=\"1243\">credibilidade profissional<\/strong> sem precisar escrever uma linha.<\/p>\n<h4 data-start=\"1278\" data-end=\"1304\">\u2705 O que est\u00e1 incluso:<\/h4>\n<ul data-start=\"1305\" data-end=\"1668\">\n<li data-start=\"1305\" data-end=\"1337\">\n<p data-start=\"1307\" data-end=\"1337\">Integra\u00e7\u00e3o do blog ao seu site<\/p>\n<\/li>\n<li data-start=\"1338\" data-end=\"1389\">\n<p data-start=\"1340\" data-end=\"1389\">Produ\u00e7\u00e3o de 4 conte\u00fados mensais otimizados com IA<\/p>\n<\/li>\n<li data-start=\"1390\" data-end=\"1433\">\n<p data-start=\"1392\" data-end=\"1433\">Escolha de temas conforme \u00e1rea de atua\u00e7\u00e3o<\/p>\n<\/li>\n<li data-start=\"1434\" data-end=\"1487\">\n<p data-start=\"1436\" data-end=\"1487\">Reda\u00e7\u00e3o com linguagem acess\u00edvel, humanizada e \u00e9tica<\/p>\n<\/li>\n<li data-start=\"1488\" data-end=\"1571\">\n<p data-start=\"1490\" data-end=\"1571\">Otimiza\u00e7\u00e3o SEO em cada post (t\u00edtulo, subt\u00edtulo, palavras-chave, meta-description)<\/p>\n<\/li>\n<li data-start=\"1572\" data-end=\"1601\">\n<p data-start=\"1574\" data-end=\"1601\">Imagens tem\u00e1ticas inclu\u00eddas<\/p>\n<\/li>\n<li data-start=\"1602\" data-end=\"1668\">\n<p data-start=\"1604\" data-end=\"1668\">Sistema automatizado de publica\u00e7\u00e3o (via WordPress ou PayloadCMS)<\/p>\n<\/li>\n<\/ul>\n<h4 data-start=\"1505\" data-end=\"1531\">Em caso de d\u00favidas ou desejando adicionar mais itens no seu site, fale <a href=\"https:\/\/wa.me\/5561998829535?text=Vim%20do%20site%20e%20gostaria%20de%20saber%20mais%20sobre\">aqui<\/a> com nossa equipe, estamos prontos para te proporcionar uma experiencia incr\u00edvel!<\/h4>\n<p>&nbsp;<\/p>\n<h2>Apare\u00e7a no Google com frequ\u00eancia e relev\u00e2ncia \u2014 sem esfor\u00e7o! (At\u00e9 12x sem juros!)<\/h2>\n","protected":false},"excerpt":{"rendered":"<p>Tenha um blog jur\u00eddico atualizado automaticamente com conte\u00fados otimizados, relevantes e escritos por intelig\u00eancia artificial.<\/p>\n","protected":false},"featured_media":4745,"comment_status":"open","ping_status":"closed","template":"","meta":[],"product_brand":[],"product_cat":[34,32],"product_tag":[38,50,51,37,52,36,40],"class_list":{"0":"post-4744","1":"product","2":"type-product","3":"status-publish","4":"has-post-thumbnail","6":"product_cat-presenca-digital-e-autoridade-online","7":"product_cat-produto-digital","8":"product_tag-blog-juridico","9":"product_tag-conteudo-automatico","10":"product_tag-inteligencia-artificial","11":"product_tag-marketing-juridico","12":"product_tag-postagens-com-ia","13":"product_tag-presenca-digital","14":"product_tag-seo-juridico","15":"sales-flash-overlay","16":"woocommerce-text-align-center","17":"woocommerce-image-align-center","18":"do-quantity-buttons","20":"first","21":"instock","22":"virtual","23":"taxable","24":"purchasable","25":"product-type-simple"},"_links":{"self":[{"href":"https:\/\/loja.adv.br\/index.php\/wp-json\/wp\/v2\/product\/4744","targetHints":{"allow":["GET"]}}],"collection":[{"href":"https:\/\/loja.adv.br\/index.php\/wp-json\/wp\/v2\/product"}],"about":[{"href":"https:\/\/loja.adv.br\/index.php\/wp-json\/wp\/v2\/types\/product"}],"replies":[{"embeddable":true,"href":"https:\/\/loja.adv.br\/index.php\/wp-json\/wp\/v2\/comments?post=4744"}],"wp:featuredmedia":[{"embeddable":true,"href":"https:\/\/loja.adv.br\/index.php\/wp-json\/wp\/v2\/media\/4745"}],"wp:attachment":[{"href":"https:\/\/loja.adv.br\/index.php\/wp-json\/wp\/v2\/media?parent=4744"}],"wp:term":[{"taxonomy":"product_brand","embeddable":true,"href":"https:\/\/loja.adv.br\/index.php\/wp-json\/wp\/v2\/product_brand?post=4744"},{"taxonomy":"product_cat","embeddable":true,"href":"https:\/\/loja.adv.br\/index.php\/wp-json\/wp\/v2\/product_cat?post=4744"},{"taxonomy":"product_tag","embeddable":true,"href":"https:\/\/loja.adv.br\/index.php\/wp-json\/wp\/v2\/product_tag?post=4744"}],"curies":[{"name":"wp","href":"https:\/\/api.w.org\/{rel}","templated":true}]}}